{"id":638,"date":"2025-04-24T20:05:46","date_gmt":"2025-04-24T20:05:46","guid":{"rendered":"https:\/\/weleweg.ch\/?page_id=638"},"modified":"2025-04-25T12:35:40","modified_gmt":"2025-04-25T12:35:40","slug":"allgemeine-geschaeftsbedingungen-final","status":"publish","type":"page","link":"https:\/\/weleweg.ch\/?page_id=638","title":{"rendered":"Allgemeine Gesch\u00e4ftsbedingungen"},"content":{"rendered":"\t\t<div data-elementor-type=\"wp-page\" data-elementor-id=\"638\" class=\"elementor elementor-638\">\n\t\t\t\t\t\t<section class=\"elementor-section elementor-top-section elementor-element elementor-element-51f4cef1 elementor-reverse-mobile elementor-section-boxed elementor-section-height-default elementor-section-height-default\" data-id=\"51f4cef1\" data-element_type=\"section\">\n\t\t\t\t\t\t<div class=\"elementor-container elementor-column-gap-default\">\n\t\t\t\t\t<div class=\"elementor-column elementor-col-100 elementor-top-column elementor-element elementor-element-4e6e128e\" data-id=\"4e6e128e\" data-element_type=\"column\">\n\t\t\t<div class=\"elementor-widget-wrap elementor-element-populated\">\n\t\t\t\t\t\t<div class=\"elementor-element elementor-element-43871575 elementor-widget-divider--view-line elementor-invisible elementor-widget elementor-widget-divider\" data-id=\"43871575\" data-element_type=\"widget\" data-settings=\"{&quot;_animation&quot;:&quot;fadeInUp&quot;}\" data-widget_type=\"divider.default\">\n\t\t\t\t<div class=\"elementor-widget-container\">\n\t\t\t\t\t\t\t<div class=\"elementor-divider\">\n\t\t\t<span class=\"elementor-divider-separator\">\n\t\t\t\t\t\t<\/span>\n\t\t<\/div>\n\t\t\t\t\t\t<\/div>\n\t\t\t\t<\/div>\n\t\t\t\t<div class=\"elementor-element elementor-element-5a810cf3 elementor-invisible elementor-widget elementor-widget-text-editor\" data-id=\"5a810cf3\" data-element_type=\"widget\" data-settings=\"{&quot;_animation&quot;:&quot;fadeInUp&quot;}\" data-widget_type=\"text-editor.default\">\n\t\t\t\t<div class=\"elementor-widget-container\">\n\t\t\t\t\t\t\t\t\t<h2 class=\"\" data-start=\"564\" data-end=\"607\">ALLGEMEINE GESCH\u00c4FTSBEDINGUNGEN (AGB)<\/h2><h3 class=\"\" data-start=\"609\" data-end=\"633\">1. Geltungsbereich<\/h3><p class=\"\" data-start=\"634\" data-end=\"845\">Diese Allgemeinen Gesch\u00e4ftsbedingungen (AGB) gelten f\u00fcr alle Coaching-Dienstleistungen, die von Suzana Keller unter dem Namen &#8222;weleweg Beratung &amp; Coaching f\u00fcr Kinder, Jugendliche und Erwachsene&#8220; angeboten und durchgef\u00fchrt werden \u2013 sowohl online als auch vor Ort.<\/p><h3 class=\"\" data-start=\"847\" data-end=\"873\">2. Vertragsabschluss<\/h3><p class=\"\" data-start=\"874\" data-end=\"1011\">Ein Vertrag kommt zustande, sobald ein Coachingtermin schriftlich, m\u00fcndlich oder online vereinbart und von beiden Seiten best\u00e4tigt wurde.<\/p><h3 class=\"\" data-start=\"1013\" data-end=\"1032\">3. Leistungen<\/h3><p class=\"\" data-start=\"1033\" data-end=\"1334\">Das Beratung &amp; Coachingangebot umfasst pers\u00f6nliche Einzelcoachings im Bereich <u>Pers\u00f6nlichkeitsentwicklung<\/u>, die entweder online (z.\u202fB. per Zoom) oder vor Ort in Herisau stattfinden. Die Inhalte richten sich nach dem individuellen Bedarf der Klientin oder des Klienten.<\/p><p>Unser Beratung &amp; Coachingangebot umfasst sowohl pers\u00f6nliche einzelne Sitzungen als auch Gruppensitzungen zu den Themen Pers\u00f6nlichkeitsentwicklung. Diese finden entweder online (beispielsweise per Zoom) oder vor Ort in Herisau statt.<\/p><h3 class=\"\" data-start=\"1336\" data-end=\"1376\">4. Verg\u00fctung &amp; Zahlungsbedingungen<\/h3><p class=\"\" data-start=\"1377\" data-end=\"1603\">Die Preise werden individuell vereinbart. Die Bezahlung erfolgt bar oder per Rechnung. Die Zahlung ist, sofern nicht anders vereinbart, direkt nach der Beratung &amp; Coachingssitzungen oder innerhalb von 10 Tagen nach Rechnungsstellung f\u00e4llig.<\/p><h3 class=\"\" data-start=\"1605\" data-end=\"1627\">5. Terminabsagen<\/h3><p class=\"\" data-start=\"1628\" data-end=\"1793\">Vereinbarte Termine k\u00f6nnen bis 24 Stunden vor Beginn kostenlos storniert werden. Bei sp\u00e4terer Absage oder Nichterscheinen wird der volle Betrag in Rechnung gestellt.<\/p><h3 class=\"\" data-start=\"1795\" data-end=\"1811\">6. Haftung<\/h3><p class=\"\" data-start=\"1812\" data-end=\"2038\">Das Beratung &amp; Coaching dient der pers\u00f6nlichen Entwicklung und stellt keine Therapie oder medizinische Behandlung dar. Die Teilnahme erfolgt eigenverantwortlich. F\u00fcr etwaige Folgen aus dem Beratung &amp; Coaching \u00fcbernimmt die Anbieterin keine Haftung.<\/p><h3 class=\"\" data-start=\"2040\" data-end=\"2064\">7. Vertraulichkeit<\/h3><p class=\"\" data-start=\"2065\" data-end=\"2172\">Alle im Beratung &amp; Coaching anvertrauten Informationen werden vertraulich behandelt und nicht an Dritte weitergegeben.<\/p><h3 class=\"\" data-start=\"2174\" data-end=\"2194\">8. Datenschutz<\/h3><p class=\"\" data-start=\"2195\" data-end=\"2376\">Personenbezogene Daten werden ausschliesslich im Rahmen der Beratung &amp; Coaching-Dienstleistung verwendet und nicht an Dritte weitergegeben.\u00a0 <a class=\"\" href=\"http:\/\/www.weleweg.ch\" target=\"_new\" rel=\"noopener\" data-start=\"2361\" data-end=\"2375\">www.weleweg.ch<\/a>.<\/p><h3 class=\"\" data-start=\"2378\" data-end=\"2406\">9. Schlussbestimmungen<\/h3><p class=\"\" data-start=\"2407\" data-end=\"2571\">Sollte eine Bestimmung dieser AGB ung\u00fcltig sein, bleibt die G\u00fcltigkeit der \u00fcbrigen Bestimmungen unber\u00fchrt. Es gilt das Recht der Schweiz. Gerichtsstand ist Herisau.<\/p>\t\t\t\t\t\t\t\t<\/div>\n\t\t\t\t<\/div>\n\t\t\t\t<div class=\"elementor-element elementor-element-5ce01869 elementor-widget__width-initial elementor-widget-tablet__width-initial elementor-hidden-tablet elementor-hidden-mobile elementor-widget-divider--view-line elementor-invisible elementor-widget elementor-widget-divider\" data-id=\"5ce01869\" data-element_type=\"widget\" data-settings=\"{&quot;_animation&quot;:&quot;fadeInUp&quot;}\" data-widget_type=\"divider.default\">\n\t\t\t\t<div class=\"elementor-widget-container\">\n\t\t\t\t\t\t\t<div class=\"elementor-divider\">\n\t\t\t<span class=\"elementor-divider-separator\">\n\t\t\t\t\t\t<\/span>\n\t\t<\/div>\n\t\t\t\t\t\t<\/div>\n\t\t\t\t<\/div>\n\t\t\t\t<div class=\"elementor-element elementor-element-32f95c95 elementor-widget__width-initial elementor-widget-tablet__width-initial elementor-hidden-tablet elementor-hidden-mobile elementor-widget-divider--view-line elementor-invisible elementor-widget elementor-widget-divider\" data-id=\"32f95c95\" data-element_type=\"widget\" data-settings=\"{&quot;_animation&quot;:&quot;fadeInUp&quot;}\" data-widget_type=\"divider.default\">\n\t\t\t\t<div class=\"elementor-widget-container\">\n\t\t\t\t\t\t\t<div class=\"elementor-divider\">\n\t\t\t<span class=\"elementor-divider-separator\">\n\t\t\t\t\t\t<\/span>\n\t\t<\/div>\n\t\t\t\t\t\t<\/div>\n\t\t\t\t<\/div>\n\t\t\t\t\t<\/div>\n\t\t<\/div>\n\t\t\t\t\t<\/div>\n\t\t<\/section>\n\t\t\t\t<\/div>\n\t\t","protected":false},"excerpt":{"rendered":"<p>ALLGEMEINE GESCH\u00c4FTSBEDINGUNGEN (AGB) 1. Geltungsbereich Diese Allgemeinen Gesch\u00e4ftsbedingungen (AGB) gelten f\u00fcr alle Coaching-Dienstleistungen, die von Suzana Keller unter dem Namen &#8222;weleweg Beratung &amp; Coaching f\u00fcr Kinder, Jugendliche und Erwachsene&#8220; angeboten und durchgef\u00fchrt werden \u2013 sowohl online als auch vor Ort. 2. Vertragsabschluss Ein Vertrag kommt zustande, sobald ein Coachingtermin schriftlich, m\u00fcndlich oder online vereinbart und [&hellip;]<\/p>\n","protected":false},"author":1,"featured_media":0,"parent":0,"menu_order":0,"comment_status":"closed","ping_status":"closed","template":"","meta":{"footnotes":""},"class_list":["post-638","page","type-page","status-publish","hentry"],"_links":{"self":[{"href":"https:\/\/weleweg.ch\/index.php?rest_route=\/wp\/v2\/pages\/638","targetHints":{"allow":["GET"]}}],"collection":[{"href":"https:\/\/weleweg.ch\/index.php?rest_route=\/wp\/v2\/pages"}],"about":[{"href":"https:\/\/weleweg.ch\/index.php?rest_route=\/wp\/v2\/types\/page"}],"author":[{"embeddable":true,"href":"https:\/\/weleweg.ch\/index.php?rest_route=\/wp\/v2\/users\/1"}],"replies":[{"embeddable":true,"href":"https:\/\/weleweg.ch\/index.php?rest_route=%2Fwp%2Fv2%2Fcomments&post=638"}],"version-history":[{"count":5,"href":"https:\/\/weleweg.ch\/index.php?rest_route=\/wp\/v2\/pages\/638\/revisions"}],"predecessor-version":[{"id":686,"href":"https:\/\/weleweg.ch\/index.php?rest_route=\/wp\/v2\/pages\/638\/revisions\/686"}],"wp:attachment":[{"href":"https:\/\/weleweg.ch\/index.php?rest_route=%2Fwp%2Fv2%2Fmedia&parent=638"}],"curies":[{"name":"wp","href":"https:\/\/api.w.org\/{rel}","templated":true}]}}