{"id":659,"date":"2025-04-24T20:12:21","date_gmt":"2025-04-24T20:12:21","guid":{"rendered":"https:\/\/weleweg.ch\/?page_id=659"},"modified":"2025-05-01T14:57:42","modified_gmt":"2025-05-01T14:57:42","slug":"suzana-keller","status":"publish","type":"page","link":"https:\/\/weleweg.ch\/?page_id=659","title":{"rendered":"Suzana Keller"},"content":{"rendered":"\t\t<div data-elementor-type=\"wp-page\" data-elementor-id=\"659\" class=\"elementor elementor-659\">\n\t\t\t\t<div class=\"elementor-element elementor-element-4a0e1bc7 e-con-full e-flex e-con e-parent\" data-id=\"4a0e1bc7\" data-element_type=\"container\">\n\t\t\t\t<div class=\"elementor-element elementor-element-785fe8c0 elementor-widget elementor-widget-image\" data-id=\"785fe8c0\" data-element_type=\"widget\" data-widget_type=\"image.default\">\n\t\t\t\t<div class=\"elementor-widget-container\">\n\t\t\t\t\t\t\t\t\t\t\t\t\t\t\t<img fetchpriority=\"high\" decoding=\"async\" width=\"1280\" height=\"853\" src=\"https:\/\/weleweg.ch\/wp-content\/uploads\/2025\/04\/waterfall-8350178_1280.jpg\" class=\"attachment-2048x2048 size-2048x2048 wp-image-421\" alt=\"\" srcset=\"https:\/\/weleweg.ch\/wp-content\/uploads\/2025\/04\/waterfall-8350178_1280.jpg 1280w, https:\/\/weleweg.ch\/wp-content\/uploads\/2025\/04\/waterfall-8350178_1280-300x200.jpg 300w, https:\/\/weleweg.ch\/wp-content\/uploads\/2025\/04\/waterfall-8350178_1280-1024x682.jpg 1024w, https:\/\/weleweg.ch\/wp-content\/uploads\/2025\/04\/waterfall-8350178_1280-768x512.jpg 768w\" sizes=\"(max-width: 1280px) 100vw, 1280px\" \/>\t\t\t\t\t\t\t\t\t\t\t\t\t\t\t<\/div>\n\t\t\t\t<\/div>\n\t\t\t\t<\/div>\n\t\t<div class=\"elementor-element elementor-element-db7ca7d e-flex e-con-boxed e-con e-parent\" data-id=\"db7ca7d\" data-element_type=\"container\" data-settings=\"{&quot;background_background&quot;:&quot;classic&quot;}\">\n\t\t\t\t\t<div class=\"e-con-inner\">\n\t\t\t\t<div class=\"elementor-element elementor-element-776f66e9 elementor-widget elementor-widget-heading\" data-id=\"776f66e9\" data-element_type=\"widget\" data-widget_type=\"heading.default\">\n\t\t\t\t<div class=\"elementor-widget-container\">\n\t\t\t\t\t<h3 class=\"elementor-heading-title elementor-size-default\"><p><strong><i>Mein Lebensmotto<\/i><\/strong><\/p><p>\u201cSucht die Chancen, nicht die Hindernisse! Brecht die Regeln! Gebt mehr als ihr nimmt! Tut, was ihr liebt! Lass alles andere sein!\u201d<\/span><\/h3>\t\t\t\t<\/div>\n\t\t\t\t<\/div>\n\t\t\t\t\t<\/div>\n\t\t\t\t<\/div>\n\t\t\t\t<section class=\"elementor-section elementor-top-section elementor-element elementor-element-6c84c4c7 elementor-section-boxed elementor-section-height-default elementor-section-height-default\" data-id=\"6c84c4c7\" data-element_type=\"section\" data-settings=\"{&quot;background_background&quot;:&quot;classic&quot;}\">\n\t\t\t\t\t\t\t<div class=\"elementor-background-overlay\"><\/div>\n\t\t\t\t\t\t\t<div class=\"elementor-container elementor-column-gap-default\">\n\t\t\t\t\t<div class=\"elementor-column elementor-col-50 elementor-top-column elementor-element elementor-element-277a3219\" data-id=\"277a3219\" data-element_type=\"column\" data-settings=\"{&quot;background_background&quot;:&quot;classic&quot;}\">\n\t\t\t<div class=\"elementor-widget-wrap elementor-element-populated\">\n\t\t\t\t\t\t<div class=\"elementor-element elementor-element-3622ab5d elementor-invisible elementor-widget elementor-widget-image\" data-id=\"3622ab5d\" data-element_type=\"widget\" data-settings=\"{&quot;_animation&quot;:&quot;fadeInUp&quot;}\" data-widget_type=\"image.default\">\n\t\t\t\t<div class=\"elementor-widget-container\">\n\t\t\t\t\t\t\t\t\t\t\t\t\t\t\t<img decoding=\"async\" src=\"https:\/\/weleweg.ch\/wp-content\/uploads\/elementor\/thumbs\/Keller-Suzana-24.04.2025-15-r53x8z8xnhgz016ppw4nwi5fc0ekymxg46bpnoetuo.webp\" title=\"Keller Suzana 24.04.2025-15\" alt=\"Keller Suzana 24.04.2025-15\" loading=\"lazy\" \/>\t\t\t\t\t\t\t\t\t\t\t\t\t\t\t<\/div>\n\t\t\t\t<\/div>\n\t\t\t\t\t<\/div>\n\t\t<\/div>\n\t\t\t\t<div class=\"elementor-column elementor-col-50 elementor-top-column elementor-element elementor-element-19f9cb71\" data-id=\"19f9cb71\" data-element_type=\"column\">\n\t\t\t<div class=\"elementor-widget-wrap elementor-element-populated\">\n\t\t\t\t\t\t<div class=\"elementor-element elementor-element-49060bce elementor-invisible elementor-widget elementor-widget-heading\" data-id=\"49060bce\" data-element_type=\"widget\" data-settings=\"{&quot;_animation&quot;:&quot;fadeInUp&quot;}\" data-widget_type=\"heading.default\">\n\t\t\t\t<div class=\"elementor-widget-container\">\n\t\t\t\t\t<h3 class=\"elementor-heading-title elementor-size-default\">Meine Geschichte<\/h3>\t\t\t\t<\/div>\n\t\t\t\t<\/div>\n\t\t\t\t<div class=\"elementor-element elementor-element-5c14f857 elementor-invisible elementor-widget elementor-widget-text-editor\" data-id=\"5c14f857\" data-element_type=\"widget\" data-settings=\"{&quot;_animation&quot;:&quot;fadeInUp&quot;}\" data-widget_type=\"text-editor.default\">\n\t\t\t\t<div class=\"elementor-widget-container\">\n\t\t\t\t\t\t\t\t\t<p class=\"\" data-start=\"423\" data-end=\"829\">Mein Name ist Suzana Keller.<\/p><p class=\"\" data-start=\"423\" data-end=\"829\">Ich bin in Brasilien geboren, habe spanische und schweizerische Wurzeln und lebe seit 1990 in der Schweiz. Mein Leben war nicht immer gradlinig \u2013 aber stets voller Erfahrungen, die mich gepr\u00e4gt und gest\u00e4rkt haben. Durch H\u00f6hen und Tiefen habe ich gelernt, wie kraftvoll es sein kann, sich selbst neu zu begegnen. Heute begleite ich Menschen dabei, ebenfalls diesen Weg zu gehen.<\/p><p class=\"\" data-start=\"831\" data-end=\"996\">Dank meiner zwei erwachsenen Kinder, meinem Lebenspartner, meiner Berufung und meinem reichen Erfahrungsschatz genie\u00dfe ich mein Leben mit Dankbarkeit und Zuversicht.<\/p>\t\t\t\t\t\t\t\t<\/div>\n\t\t\t\t<\/div>\n\t\t\t\t\t<\/div>\n\t\t<\/div>\n\t\t\t\t\t<\/div>\n\t\t<\/section>\n\t\t<div class=\"elementor-element elementor-element-7f1d6c43 e-grid e-con-boxed e-con e-parent\" data-id=\"7f1d6c43\" data-element_type=\"container\" data-settings=\"{&quot;background_background&quot;:&quot;classic&quot;}\">\n\t\t\t\t\t<div class=\"e-con-inner\">\n\t\t\t\t<div class=\"elementor-element elementor-element-459da2ab elementor-widget elementor-widget-icon-box\" data-id=\"459da2ab\" data-element_type=\"widget\" data-widget_type=\"icon-box.default\">\n\t\t\t\t<div class=\"elementor-widget-container\">\n\t\t\t\t\t\t\t<div class=\"elementor-icon-box-wrapper\">\n\n\t\t\t\n\t\t\t\t\t\t<div class=\"elementor-icon-box-content\">\n\n\t\t\t\t\t\t\t\t\t<h3 class=\"elementor-icon-box-title\">\n\t\t\t\t\t\t<span  >\n\t\t\t\t\t\t\tWie ich arbeite\t\t\t\t\t\t<\/span>\n\t\t\t\t\t<\/h3>\n\t\t\t\t\n\t\t\t\t\t\t\t\t\t<p class=\"elementor-icon-box-description\">\n\t\t\t\t\t\tIch arbeite systemisch, ressourcen- und l\u00f6sungsorientiert.\n\nMir ist wichtig, dass du dich gesehen und geh\u00f6rt f\u00fchlst. In einem gesch\u00fctzten Rahmen h\u00f6re ich dir zu, stelle Fragen und unterst\u00fctze dich dabei, Gedanken zu sortieren, Zusammenh\u00e4nge zu erkennen und neue Perspektiven zu gewinnen.\n\nIch glaube daran, dass du Expert:in deines eigenen Lebens bist. Ich begleite dich dabei, eigene Wege zu entdecken und mutige Schritte zu gehen.\n\nWir arbeiten gemeinsam und auf Augenh\u00f6he \u2013 Schritt f\u00fcr Schritt, in deinem Tempo.\n\n\t\t\t\t\t<\/p>\n\t\t\t\t\n\t\t\t<\/div>\n\t\t\t\n\t\t<\/div>\n\t\t\t\t\t\t<\/div>\n\t\t\t\t<\/div>\n\t\t\t\t<div class=\"elementor-element elementor-element-21e39c7a elementor-widget elementor-widget-icon-box\" data-id=\"21e39c7a\" data-element_type=\"widget\" data-widget_type=\"icon-box.default\">\n\t\t\t\t<div class=\"elementor-widget-container\">\n\t\t\t\t\t\t\t<div class=\"elementor-icon-box-wrapper\">\n\n\t\t\t\n\t\t\t\t\t\t<div class=\"elementor-icon-box-content\">\n\n\t\t\t\t\t\t\t\t\t<h3 class=\"elementor-icon-box-title\">\n\t\t\t\t\t\t<span  >\n\t\t\t\t\t\t\tWas mir wichtig ist\t\t\t\t\t\t<\/span>\n\t\t\t\t\t<\/h3>\n\t\t\t\t\n\t\t\t\t\t\t\t\t\t<p class=\"elementor-icon-box-description\">\n\t\t\t\t\t\tIch begegne Menschen mit Offenheit, Respekt und echtem Interesse. Jede Geschichte ist einzigartig \u2013 und verdient es, geh\u00f6rt zu werden.\n\nMir ist wichtig, dass du dich sicher und angenommen f\u00fchlst. Ich arbeite wertsch\u00e4tzend, ehrlich und auf Augenh\u00f6he.\n\nVer\u00e4nderung braucht Raum, Vertrauen und manchmal einfach jemanden, der zuh\u00f6rt und Impulse gibt. Diesen Raum m\u00f6chte ich dir bieten.\t\t\t\t\t<\/p>\n\t\t\t\t\n\t\t\t<\/div>\n\t\t\t\n\t\t<\/div>\n\t\t\t\t\t\t<\/div>\n\t\t\t\t<\/div>\n\t\t\t\t<div class=\"elementor-element elementor-element-58173619 elementor-widget elementor-widget-icon-box\" data-id=\"58173619\" data-element_type=\"widget\" data-widget_type=\"icon-box.default\">\n\t\t\t\t<div class=\"elementor-widget-container\">\n\t\t\t\t\t\t\t<div class=\"elementor-icon-box-wrapper\">\n\n\t\t\t\n\t\t\t\t\t\t<div class=\"elementor-icon-box-content\">\n\n\t\t\t\t\t\t\t\t\t<h3 class=\"elementor-icon-box-title\">\n\t\t\t\t\t\t<span  >\n\t\t\t\t\t\t\tBesondere Schwerpunkte\t\t\t\t\t\t<\/span>\n\t\t\t\t\t<\/h3>\n\t\t\t\t\n\t\t\t\t\t\t\t\t\t<p class=\"elementor-icon-box-description\">\n\t\t\t\t\t\tUnterst\u00fctzung bei beruflichen und privaten Umbr\u00fcchen. Umgang mit belastenden Gedanken und Gef\u00fchlen. Pers\u00f6nlichkeitsentwicklung &amp; St\u00e4rkung der Selbstwirksamkeit. Emotionsregulation &amp; Resilienz. Kinder- &amp; Jugendcoaching mit Einbezug des Umfelds.\n\t\t\t\t\t<\/p>\n\t\t\t\t\n\t\t\t<\/div>\n\t\t\t\n\t\t<\/div>\n\t\t\t\t\t\t<\/div>\n\t\t\t\t<\/div>\n\t\t\t\t<div class=\"elementor-element elementor-element-1d7aa23c elementor-widget elementor-widget-icon-box\" data-id=\"1d7aa23c\" data-element_type=\"widget\" data-widget_type=\"icon-box.default\">\n\t\t\t\t<div class=\"elementor-widget-container\">\n\t\t\t\t\t\t\t<div class=\"elementor-icon-box-wrapper\">\n\n\t\t\t\n\t\t\t\t\t\t<div class=\"elementor-icon-box-content\">\n\n\t\t\t\t\t\t\t\t\t<h3 class=\"elementor-icon-box-title\">\n\t\t\t\t\t\t<span  >\n\t\t\t\t\t\t\tMeine Motivation\t\t\t\t\t\t<\/span>\n\t\t\t\t\t<\/h3>\n\t\t\t\t\n\t\t\t\t\t\t\t\t\t<p class=\"elementor-icon-box-description\">\n\t\t\t\t\t\tDie Geschichten anderer Menschen haben mich schon immer ber\u00fchrt. Schon als Kind konnte ich mich gut in andere hineinversetzen \u2013 diese Empathie pr\u00e4gt meine Arbeit bis heute.\n\nDurch eigene Umwege und Schicksalsschl\u00e4ge weiss ich, wie wichtig es ist, in schwierigen Zeiten geh\u00f6rt und begleitet zu werden \u2013 mit Klarheit, Respekt und Vertrauen.\t\t\t\t\t<\/p>\n\t\t\t\t\n\t\t\t<\/div>\n\t\t\t\n\t\t<\/div>\n\t\t\t\t\t\t<\/div>\n\t\t\t\t<\/div>\n\t\t\t\t\t<\/div>\n\t\t\t\t<\/div>\n\t\t\t\t<section class=\"elementor-section elementor-top-section elementor-element elementor-element-553e2054 elementor-section-boxed elementor-section-height-default elementor-section-height-default\" data-id=\"553e2054\" data-element_type=\"section\" data-settings=\"{&quot;background_background&quot;:&quot;classic&quot;}\">\n\t\t\t\t\t\t<div class=\"elementor-container elementor-column-gap-default\">\n\t\t\t\t\t<div class=\"elementor-column elementor-col-100 elementor-top-column elementor-element elementor-element-373f1164\" data-id=\"373f1164\" data-element_type=\"column\">\n\t\t\t<div class=\"elementor-widget-wrap elementor-element-populated\">\n\t\t\t\t\t\t<div class=\"elementor-element elementor-element-6096eaf3 elementor-widget elementor-widget-heading\" data-id=\"6096eaf3\" data-element_type=\"widget\" data-widget_type=\"heading.default\">\n\t\t\t\t<div class=\"elementor-widget-container\">\n\t\t\t\t\t<h2 class=\"elementor-heading-title elementor-size-default\"><p data-start=\"475\" data-end=\"550\">Bist du bereit, dich selbst besser zu verstehen und neue Wege zu entdecken?<span style=\"color: var( --e-global-color-primary );font-family: var( --e-global-typography-primary-font-family ), Sans-serif;font-size: var( --e-global-typography-primary-font-size );font-style: var( --e-global-typography-primary-font-style );font-weight: var( --e-global-typography-primary-font-weight );letter-spacing: var( --e-global-typography-primary-letter-spacing );text-transform: var( --e-global-typography-primary-text-transform );background-color: var( --e-global-color-secondary )\"><\/span><\/p><\/h2>\t\t\t\t<\/div>\n\t\t\t\t<\/div>\n\t\t\t\t\t<\/div>\n\t\t<\/div>\n\t\t\t\t\t<\/div>\n\t\t<\/section>\n\t\t\t\t<section class=\"elementor-section elementor-top-section elementor-element elementor-element-179c549e elementor-section-content-middle elementor-reverse-mobile elementor-section-boxed elementor-section-height-default elementor-section-height-default\" data-id=\"179c549e\" data-element_type=\"section\" data-settings=\"{&quot;background_background&quot;:&quot;classic&quot;}\">\n\t\t\t\t\t\t\t<div class=\"elementor-background-overlay\"><\/div>\n\t\t\t\t\t\t\t<div class=\"elementor-container elementor-column-gap-default\">\n\t\t\t\t\t<div class=\"elementor-column elementor-col-100 elementor-top-column elementor-element elementor-element-4cc00599\" data-id=\"4cc00599\" data-element_type=\"column\">\n\t\t\t<div class=\"elementor-widget-wrap elementor-element-populated\">\n\t\t\t\t\t\t<div class=\"elementor-element elementor-element-3faf4be elementor-widget__width-initial elementor-widget-mobile__width-inherit elementor-invisible elementor-widget elementor-widget-heading\" data-id=\"3faf4be\" data-element_type=\"widget\" data-settings=\"{&quot;_animation&quot;:&quot;fadeInUp&quot;}\" data-widget_type=\"heading.default\">\n\t\t\t\t<div class=\"elementor-widget-container\">\n\t\t\t\t\t<h3 class=\"elementor-heading-title elementor-size-default\">Lass uns zusammen einen Weg finden.<\/h3>\t\t\t\t<\/div>\n\t\t\t\t<\/div>\n\t\t\t\t<div class=\"elementor-element elementor-element-328ef029 elementor-invisible elementor-widget elementor-widget-button\" data-id=\"328ef029\" data-element_type=\"widget\" data-settings=\"{&quot;_animation&quot;:&quot;fadeInUp&quot;}\" data-widget_type=\"button.default\">\n\t\t\t\t<div class=\"elementor-widget-container\">\n\t\t\t\t\t\t\t\t\t<div class=\"elementor-button-wrapper\">\n\t\t\t\t\t<a class=\"elementor-button elementor-button-link elementor-size-sm\" href=\"https:\/\/calendly.com\/skeller-weleweg\/30min?back=1\">\n\t\t\t\t\t\t<span class=\"elementor-button-content-wrapper\">\n\t\t\t\t\t\t\t\t\t<span class=\"elementor-button-text\">Kostenloses Erstgespr\u00e4ch<\/span>\n\t\t\t\t\t<\/span>\n\t\t\t\t\t<\/a>\n\t\t\t\t<\/div>\n\t\t\t\t\t\t\t\t<\/div>\n\t\t\t\t<\/div>\n\t\t\t\t<div class=\"elementor-element elementor-element-6b2a3a6d elementor-absolute elementor-widget__width-initial elementor-widget-mobile__width-inherit elementor-invisible elementor-widget elementor-widget-image\" data-id=\"6b2a3a6d\" data-element_type=\"widget\" data-settings=\"{&quot;_position&quot;:&quot;absolute&quot;,&quot;_animation&quot;:&quot;fadeInUp&quot;}\" data-widget_type=\"image.default\">\n\t\t\t\t<div class=\"elementor-widget-container\">\n\t\t\t\t\t\t\t\t\t\t\t\t\t\t\t<img decoding=\"async\" width=\"1280\" height=\"720\" src=\"https:\/\/weleweg.ch\/wp-content\/uploads\/2025\/04\/hills-615429_1280.jpg\" class=\"attachment-full size-full wp-image-416\" alt=\"\" srcset=\"https:\/\/weleweg.ch\/wp-content\/uploads\/2025\/04\/hills-615429_1280.jpg 1280w, https:\/\/weleweg.ch\/wp-content\/uploads\/2025\/04\/hills-615429_1280-300x169.jpg 300w, https:\/\/weleweg.ch\/wp-content\/uploads\/2025\/04\/hills-615429_1280-1024x576.jpg 1024w, https:\/\/weleweg.ch\/wp-content\/uploads\/2025\/04\/hills-615429_1280-768x432.jpg 768w\" sizes=\"(max-width: 1280px) 100vw, 1280px\" \/>\t\t\t\t\t\t\t\t\t\t\t\t\t\t\t<\/div>\n\t\t\t\t<\/div>\n\t\t\t\t\t<\/div>\n\t\t<\/div>\n\t\t\t\t\t<\/div>\n\t\t<\/section>\n\t\t\t\t<\/div>\n\t\t","protected":false},"excerpt":{"rendered":"<p>Mein Lebensmotto \u201cSucht die Chancen, nicht die Hindernisse! Brecht die Regeln! Gebt mehr als ihr nimmt! Tut, was ihr liebt! Lass alles andere sein!\u201d Meine Geschichte Mein Name ist Suzana Keller. Ich bin in Brasilien geboren, habe spanische und schweizerische Wurzeln und lebe seit 1990 in der Schweiz. Mein Leben war nicht immer gradlinig \u2013 [&hellip;]<\/p>\n","protected":false},"author":1,"featured_media":0,"parent":0,"menu_order":0,"comment_status":"closed","ping_status":"closed","template":"elementor_header_footer","meta":{"footnotes":""},"class_list":["post-659","page","type-page","status-publish","hentry"],"_links":{"self":[{"href":"https:\/\/weleweg.ch\/index.php?rest_route=\/wp\/v2\/pages\/659","targetHints":{"allow":["GET"]}}],"collection":[{"href":"https:\/\/weleweg.ch\/index.php?rest_route=\/wp\/v2\/pages"}],"about":[{"href":"https:\/\/weleweg.ch\/index.php?rest_route=\/wp\/v2\/types\/page"}],"author":[{"embeddable":true,"href":"https:\/\/weleweg.ch\/index.php?rest_route=\/wp\/v2\/users\/1"}],"replies":[{"embeddable":true,"href":"https:\/\/weleweg.ch\/index.php?rest_route=%2Fwp%2Fv2%2Fcomments&post=659"}],"version-history":[{"count":20,"href":"https:\/\/weleweg.ch\/index.php?rest_route=\/wp\/v2\/pages\/659\/revisions"}],"predecessor-version":[{"id":803,"href":"https:\/\/weleweg.ch\/index.php?rest_route=\/wp\/v2\/pages\/659\/revisions\/803"}],"wp:attachment":[{"href":"https:\/\/weleweg.ch\/index.php?rest_route=%2Fwp%2Fv2%2Fmedia&parent=659"}],"curies":[{"name":"wp","href":"https:\/\/api.w.org\/{rel}","templated":true}]}}